{"id":802,"date":"2024-09-23T12:23:20","date_gmt":"2024-09-23T15:23:20","guid":{"rendered":"https:\/\/www.grupoforteseg.com.br\/site\/?page_id=802"},"modified":"2024-09-23T12:35:35","modified_gmt":"2024-09-23T15:35:35","slug":"porque-nos-escolher-2","status":"publish","type":"page","link":"https:\/\/www.grupoforteseg.com.br\/site\/porque-nos-escolher-2\/","title":{"rendered":"PORQUE NOS ESCOLHER"},"content":{"rendered":"<div id='sobre-nos'  class='avia-section alternate_color avia-section-default avia-no-border-styling  avia-bg-style-parallax  avia-builder-el-0  avia-builder-el-no-sibling   container_wrap sidebar_right' style=' margin-top:70px; margin-bottom:0px; '  ><div class='container' ><main  role=\"main\" itemprop=\"mainContentOfPage\"  class='template-page content  av-content-small alpha units'><div class='post-entry post-entry-type-page post-entry-802'><div class='entry-content-wrapper clearfix'>\n<div  style='padding-bottom:0px; ' class='av-special-heading av-special-heading-h2  blockquote modern-quote modern-centered  avia-builder-el-1  el_before_av_hr  avia-builder-el-first  '><h2 class='av-special-heading-tag '  itemprop=\"headline\"  >PORQUE NOS ESCOLHER<\/h2><div class='special-heading-border'><div class='special-heading-inner-border' ><\/div><\/div><\/div>\n<div  style=' margin-top:5px; margin-bottom:35px;'  class='hr hr-custom hr-center hr-icon-no   avia-builder-el-2  el_after_av_heading  el_before_av_textblock '><span class='hr-inner  inner-border-av-border-fat' style=' width:50px; border-color:#efbb20;' ><span class='hr-inner-style'><\/span><\/span><\/div>\n<section class=\"av_textblock_section \"  itemscope=\"itemscope\" itemtype=\"https:\/\/schema.org\/CreativeWork\" ><div class='avia_textblock  '   itemprop=\"text\" ><h3><span class=\"OYPEnA font-feature-liga-off font-feature-clig-off font-feature-calt-off text-decoration-none text-strikethrough-none\">PROFISSIONAIS CAPACITADOS<\/span><\/h3>\n<p>Nossos colaboradores passam por treinamentos cont\u00ednuos, sendo atualizados e supervisionados regularmente. Com a GFS, voc\u00ea conta com profissionais altamente qualificados e preparados para oferecer o melhor servi\u00e7o.<\/p>\n<\/div><\/section>\n<section class=\"av_textblock_section \"  itemscope=\"itemscope\" itemtype=\"https:\/\/schema.org\/CreativeWork\" ><div class='avia_textblock  '   itemprop=\"text\" ><h3><span class=\"OYPEnA font-feature-liga-off font-feature-clig-off font-feature-calt-off text-decoration-none text-strikethrough-none\">SEGURAN\u00c7A\/APERFEI\u00c7OAMENTO<\/span><\/h3>\n<p>A GFS garante um ambiente de trabalho seguro para seus funcion\u00e1rios, al\u00e9m de incentivar o aperfei\u00e7oamento constante. Nossa meta \u00e9 maximizar o potencial de cada colaborador, promovendo crescimento e excel\u00eancia.<\/p>\n<\/div><\/section>\n<section class=\"av_textblock_section \"  itemscope=\"itemscope\" itemtype=\"https:\/\/schema.org\/CreativeWork\" ><div class='avia_textblock  '   itemprop=\"text\" ><h3><span class=\"OYPEnA font-feature-liga-off font-feature-clig-off font-feature-calt-off text-decoration-none text-strikethrough-none\">SUPORTE IMEDIATO<\/span><\/h3>\n<p>Oferecemos atendimento \u00e1gil com viaturas, equipamentos e colaboradores sempre prontos para solucionar qualquer necessidade dos nossos clientes, de forma r\u00e1pida e eficiente.<\/p>\n<\/div><\/section>\n<section class=\"av_textblock_section \"  itemscope=\"itemscope\" itemtype=\"https:\/\/schema.org\/CreativeWork\" ><div class='avia_textblock  '   itemprop=\"text\" ><h3><span class=\"OYPEnA font-feature-liga-off font-feature-clig-off font-feature-calt-off text-decoration-none text-strikethrough-none\">REDU\u00c7\u00c3O DE CUSTOS<\/span><\/h3>\n<p>A GFS proporciona solu\u00e7\u00f5es com a melhor rela\u00e7\u00e3o custo-benef\u00edcio, oferecendo m\u00e3o de obra qualificada, equipamentos de ponta, insumos e tecnologias avan\u00e7adas para otimizar resultados.<\/p>\n<\/div><\/section>\n<\/div><\/div><\/main><!-- close content main element --><\/div><\/div><div id='after_section_1'  class='main_color av_default_container_wrap container_wrap sidebar_right' style=' '  ><div class='container' ><div class='template-page content  av-content-small alpha units'><div class='post-entry post-entry-type-page post-entry-802'><div class='entry-content-wrapper clearfix'>\n","protected":false},"excerpt":{"rendered":"","protected":false},"author":1,"featured_media":0,"parent":0,"menu_order":0,"comment_status":"closed","ping_status":"closed","template":"","meta":{"footnotes":""},"class_list":["post-802","page","type-page","status-publish","hentry"],"yoast_head":"<!-- This site is optimized with the Yoast SEO plugin v24.1 - https:\/\/yoast.com\/wordpress\/plugins\/seo\/ -->\n<title>PORQUE NOS ESCOLHER - GFS<\/title>\n<meta name=\"description\" content=\"A solu\u00e7\u00e3o que sua empresa ou condom\u00ednio precisam est\u00e1 aqui. Profissionais capacitados, redu\u00e7\u00e3o de custos e suporte imediato.\" \/>\n<meta name=\"robots\" content=\"index, follow, max-snippet:-1, max-image-preview:large, max-video-preview:-1\" \/>\n<link rel=\"canonical\" href=\"https:\/\/www.grupoforteseg.com.br\/site\/porque-nos-escolher-2\/\" \/>\n<meta property=\"og:locale\" content=\"pt_BR\" \/>\n<meta property=\"og:type\" content=\"article\" \/>\n<meta property=\"og:title\" content=\"PORQUE NOS ESCOLHER - GFS\" \/>\n<meta property=\"og:description\" content=\"A solu\u00e7\u00e3o que sua empresa ou condom\u00ednio precisam est\u00e1 aqui. Profissionais capacitados, redu\u00e7\u00e3o de custos e suporte imediato.\" \/>\n<meta property=\"og:url\" content=\"https:\/\/www.grupoforteseg.com.br\/site\/porque-nos-escolher-2\/\" \/>\n<meta property=\"og:site_name\" content=\"GFS\" \/>\n<meta property=\"article:modified_time\" content=\"2024-09-23T15:35:35+00:00\" \/>\n<meta name=\"twitter:card\" content=\"summary_large_image\" \/>\n<meta name=\"twitter:label1\" content=\"Est. tempo de leitura\" \/>\n\t<meta name=\"twitter:data1\" content=\"2 minutos\" \/>\n<script type=\"application\/ld+json\" class=\"yoast-schema-graph\">{\"@context\":\"https:\/\/schema.org\",\"@graph\":[{\"@type\":\"WebPage\",\"@id\":\"https:\/\/www.grupoforteseg.com.br\/site\/porque-nos-escolher-2\/\",\"url\":\"https:\/\/www.grupoforteseg.com.br\/site\/porque-nos-escolher-2\/\",\"name\":\"PORQUE NOS ESCOLHER - GFS\",\"isPartOf\":{\"@id\":\"https:\/\/www.grupoforteseg.com.br\/site\/#website\"},\"datePublished\":\"2024-09-23T15:23:20+00:00\",\"dateModified\":\"2024-09-23T15:35:35+00:00\",\"description\":\"A solu\u00e7\u00e3o que sua empresa ou condom\u00ednio precisam est\u00e1 aqui. Profissionais capacitados, redu\u00e7\u00e3o de custos e suporte imediato.\",\"breadcrumb\":{\"@id\":\"https:\/\/www.grupoforteseg.com.br\/site\/porque-nos-escolher-2\/#breadcrumb\"},\"inLanguage\":\"pt-BR\",\"potentialAction\":[{\"@type\":\"ReadAction\",\"target\":[\"https:\/\/www.grupoforteseg.com.br\/site\/porque-nos-escolher-2\/\"]}]},{\"@type\":\"BreadcrumbList\",\"@id\":\"https:\/\/www.grupoforteseg.com.br\/site\/porque-nos-escolher-2\/#breadcrumb\",\"itemListElement\":[{\"@type\":\"ListItem\",\"position\":1,\"name\":\"In\u00edcio\",\"item\":\"https:\/\/www.grupoforteseg.com.br\/site\/\"},{\"@type\":\"ListItem\",\"position\":2,\"name\":\"PORQUE NOS ESCOLHER\"}]},{\"@type\":\"WebSite\",\"@id\":\"https:\/\/www.grupoforteseg.com.br\/site\/#website\",\"url\":\"https:\/\/www.grupoforteseg.com.br\/site\/\",\"name\":\"Grupo Forteseg\",\"description\":\"Facilities e Terceiriza\u00e7\u00e3o\",\"publisher\":{\"@id\":\"https:\/\/www.grupoforteseg.com.br\/site\/#organization\"},\"potentialAction\":[{\"@type\":\"SearchAction\",\"target\":{\"@type\":\"EntryPoint\",\"urlTemplate\":\"https:\/\/www.grupoforteseg.com.br\/site\/?s={search_term_string}\"},\"query-input\":{\"@type\":\"PropertyValueSpecification\",\"valueRequired\":true,\"valueName\":\"search_term_string\"}}],\"inLanguage\":\"pt-BR\"},{\"@type\":\"Organization\",\"@id\":\"https:\/\/www.grupoforteseg.com.br\/site\/#organization\",\"name\":\"Grupo Forteseg\",\"url\":\"https:\/\/www.grupoforteseg.com.br\/site\/\",\"logo\":{\"@type\":\"ImageObject\",\"inLanguage\":\"pt-BR\",\"@id\":\"https:\/\/www.grupoforteseg.com.br\/site\/#\/schema\/logo\/image\/\",\"url\":\"\",\"contentUrl\":\"\",\"caption\":\"Grupo Forteseg\"},\"image\":{\"@id\":\"https:\/\/www.grupoforteseg.com.br\/site\/#\/schema\/logo\/image\/\"}}]}<\/script>\n<!-- \/ Yoast SEO plugin. -->","yoast_head_json":{"title":"PORQUE NOS ESCOLHER - GFS","description":"A solu\u00e7\u00e3o que sua empresa ou condom\u00ednio precisam est\u00e1 aqui. Profissionais capacitados, redu\u00e7\u00e3o de custos e suporte imediato.","robots":{"index":"index","follow":"follow","max-snippet":"max-snippet:-1","max-image-preview":"max-image-preview:large","max-video-preview":"max-video-preview:-1"},"canonical":"https:\/\/www.grupoforteseg.com.br\/site\/porque-nos-escolher-2\/","og_locale":"pt_BR","og_type":"article","og_title":"PORQUE NOS ESCOLHER - GFS","og_description":"A solu\u00e7\u00e3o que sua empresa ou condom\u00ednio precisam est\u00e1 aqui. Profissionais capacitados, redu\u00e7\u00e3o de custos e suporte imediato.","og_url":"https:\/\/www.grupoforteseg.com.br\/site\/porque-nos-escolher-2\/","og_site_name":"GFS","article_modified_time":"2024-09-23T15:35:35+00:00","twitter_card":"summary_large_image","twitter_misc":{"Est. tempo de leitura":"2 minutos"},"schema":{"@context":"https:\/\/schema.org","@graph":[{"@type":"WebPage","@id":"https:\/\/www.grupoforteseg.com.br\/site\/porque-nos-escolher-2\/","url":"https:\/\/www.grupoforteseg.com.br\/site\/porque-nos-escolher-2\/","name":"PORQUE NOS ESCOLHER - GFS","isPartOf":{"@id":"https:\/\/www.grupoforteseg.com.br\/site\/#website"},"datePublished":"2024-09-23T15:23:20+00:00","dateModified":"2024-09-23T15:35:35+00:00","description":"A solu\u00e7\u00e3o que sua empresa ou condom\u00ednio precisam est\u00e1 aqui. Profissionais capacitados, redu\u00e7\u00e3o de custos e suporte imediato.","breadcrumb":{"@id":"https:\/\/www.grupoforteseg.com.br\/site\/porque-nos-escolher-2\/#breadcrumb"},"inLanguage":"pt-BR","potentialAction":[{"@type":"ReadAction","target":["https:\/\/www.grupoforteseg.com.br\/site\/porque-nos-escolher-2\/"]}]},{"@type":"BreadcrumbList","@id":"https:\/\/www.grupoforteseg.com.br\/site\/porque-nos-escolher-2\/#breadcrumb","itemListElement":[{"@type":"ListItem","position":1,"name":"In\u00edcio","item":"https:\/\/www.grupoforteseg.com.br\/site\/"},{"@type":"ListItem","position":2,"name":"PORQUE NOS ESCOLHER"}]},{"@type":"WebSite","@id":"https:\/\/www.grupoforteseg.com.br\/site\/#website","url":"https:\/\/www.grupoforteseg.com.br\/site\/","name":"Grupo Forteseg","description":"Facilities e Terceiriza\u00e7\u00e3o","publisher":{"@id":"https:\/\/www.grupoforteseg.com.br\/site\/#organization"},"potentialAction":[{"@type":"SearchAction","target":{"@type":"EntryPoint","urlTemplate":"https:\/\/www.grupoforteseg.com.br\/site\/?s={search_term_string}"},"query-input":{"@type":"PropertyValueSpecification","valueRequired":true,"valueName":"search_term_string"}}],"inLanguage":"pt-BR"},{"@type":"Organization","@id":"https:\/\/www.grupoforteseg.com.br\/site\/#organization","name":"Grupo Forteseg","url":"https:\/\/www.grupoforteseg.com.br\/site\/","logo":{"@type":"ImageObject","inLanguage":"pt-BR","@id":"https:\/\/www.grupoforteseg.com.br\/site\/#\/schema\/logo\/image\/","url":"","contentUrl":"","caption":"Grupo Forteseg"},"image":{"@id":"https:\/\/www.grupoforteseg.com.br\/site\/#\/schema\/logo\/image\/"}}]}},"_links":{"self":[{"href":"https:\/\/www.grupoforteseg.com.br\/site\/wp-json\/wp\/v2\/pages\/802","targetHints":{"allow":["GET"]}}],"collection":[{"href":"https:\/\/www.grupoforteseg.com.br\/site\/wp-json\/wp\/v2\/pages"}],"about":[{"href":"https:\/\/www.grupoforteseg.com.br\/site\/wp-json\/wp\/v2\/types\/page"}],"author":[{"embeddable":true,"href":"https:\/\/www.grupoforteseg.com.br\/site\/wp-json\/wp\/v2\/users\/1"}],"replies":[{"embeddable":true,"href":"https:\/\/www.grupoforteseg.com.br\/site\/wp-json\/wp\/v2\/comments?post=802"}],"version-history":[{"count":4,"href":"https:\/\/www.grupoforteseg.com.br\/site\/wp-json\/wp\/v2\/pages\/802\/revisions"}],"predecessor-version":[{"id":808,"href":"https:\/\/www.grupoforteseg.com.br\/site\/wp-json\/wp\/v2\/pages\/802\/revisions\/808"}],"wp:attachment":[{"href":"https:\/\/www.grupoforteseg.com.br\/site\/wp-json\/wp\/v2\/media?parent=802"}],"curies":[{"name":"wp","href":"https:\/\/api.w.org\/{rel}","templated":true}]}}