{"id":735,"date":"2024-09-20T21:35:54","date_gmt":"2024-09-21T00:35:54","guid":{"rendered":"https:\/\/www.grupoforteseg.com.br\/site\/?page_id=735"},"modified":"2024-09-24T11:06:32","modified_gmt":"2024-09-24T14:06:32","slug":"recepcao","status":"publish","type":"page","link":"https:\/\/www.grupoforteseg.com.br\/site\/recepcao\/","title":{"rendered":"RECEP\u00c7\u00c3O"},"content":{"rendered":"<div id='nossos-servicos'  class='avia-section main_color avia-section-large avia-no-border-styling  avia-bg-style-scroll  avia-builder-el-0  avia-builder-el-no-sibling   container_wrap sidebar_right' style=' '  ><div class='container' ><main  role=\"main\" itemprop=\"mainContentOfPage\"  class='template-page content  av-content-small alpha units'><div class='post-entry post-entry-type-page post-entry-735'><div class='entry-content-wrapper clearfix'>\n<div  style='padding-bottom:0px; ' class='av-special-heading av-special-heading-h2  blockquote modern-quote modern-centered  avia-builder-el-1  el_before_av_hr  avia-builder-el-first  '><h2 class='av-special-heading-tag '  itemprop=\"headline\"  >RECEP\u00c7\u00c3O<\/h2><div class='special-heading-border'><div class='special-heading-inner-border' ><\/div><\/div><\/div>\n<div  style=' margin-top:5px; margin-bottom:35px;'  class='hr hr-custom hr-center hr-icon-no   avia-builder-el-2  el_after_av_heading  el_before_av_one_third '><span class='hr-inner  inner-border-av-border-fat' style=' width:50px; border-color:#efbb20;' ><span class='hr-inner-style'><\/span><\/span><\/div>\n<div class=\"flex_column av_one_third  av-animated-generic bottom-to-top  flex_column_div av-zero-column-padding first  avia-builder-el-3  el_after_av_hr  el_before_av_one_third  \" style='border-radius:0px; '><p><div  class='avia-image-container  av-styling-no-styling    avia-builder-el-4  el_before_av_heading  avia-builder-el-first  avia-align-center '  itemprop=\"image\" itemscope=\"itemscope\" itemtype=\"https:\/\/schema.org\/ImageObject\"  ><div class='avia-image-container-inner'><div class='avia-image-overlay-wrap'><img class='avia_image' src='https:\/\/www.grupoforteseg.com.br\/site\/wp-content\/uploads\/2024\/09\/BLOG_capa-min-300x200.png' alt='' title='BLOG_capa-min' height=\"200\" width=\"300\"  itemprop=\"thumbnailUrl\"  \/><\/div><\/div><\/div><br \/>\n<div  style='padding-bottom:0px; ' class='av-special-heading av-special-heading-h3  blockquote modern-quote  avia-builder-el-5  el_after_av_image  el_before_av_hr  '><h3 class='av-special-heading-tag '  itemprop=\"headline\"  >RECEP\u00c7\u00c3O<\/h3><div class='special-heading-border'><div class='special-heading-inner-border' ><\/div><\/div><\/div><br \/>\n<div  style=' margin-top:10px; margin-bottom:10px;'  class='hr hr-custom hr-left hr-icon-no   avia-builder-el-6  el_after_av_heading  el_before_av_textblock '><span class='hr-inner  inner-border-av-border-fat' style=' width:50px; border-color:#efbb20;' ><span class='hr-inner-style'><\/span><\/span><\/div><br \/>\n<section class=\"av_textblock_section \"  itemscope=\"itemscope\" itemtype=\"https:\/\/schema.org\/CreativeWork\" ><div class='avia_textblock  '   itemprop=\"text\" ><div class=\"elementor-element elementor-element-516ec81e elementor-widget elementor-widget-heading\" data-id=\"516ec81e\" data-element_type=\"widget\" data-widget_type=\"heading.default\">\n<div class=\"elementor-widget-container\"><\/div>\n<\/div>\n<div class=\"elementor-element elementor-element-1590b8cf elementor-widget elementor-widget-text-editor\" data-id=\"1590b8cf\" data-element_type=\"widget\" data-widget_type=\"text-editor.default\">\n<div class=\"elementor-widget-container\">\n<div class=\"elementor-element elementor-element-774e5e16 elementor-widget elementor-widget-heading\" data-id=\"774e5e16\" data-element_type=\"widget\" data-widget_type=\"heading.default\">\n<div class=\"elementor-widget-container\">\n<div class=\"elementor-element elementor-element-2610704e elementor-widget elementor-widget-heading\" data-id=\"2610704e\" data-element_type=\"widget\" data-widget_type=\"heading.default\">\n<div class=\"elementor-widget-container\">\n<h2 class=\"elementor-heading-title elementor-size-default\">Seu cliente merece postura, cuidado e responsabilidade<\/h2>\n<\/div>\n<\/div>\n<div class=\"elementor-element elementor-element-1dbeb065 elementor-widget elementor-widget-text-editor\" data-id=\"1dbeb065\" data-element_type=\"widget\" data-widget_type=\"text-editor.default\">\n<div class=\"elementor-widget-container\">\n<p class=\"p1\">Com an\u00e1lise precisa e anos de experi\u00eancia, oferecemos solu\u00e7\u00f5es completas de servi\u00e7os em\u00a0<i><strong>recep\u00e7\u00e3o e atendimento<\/strong>\u00a0<\/i>para diferentes segmentos que necessitem terceirizar servi\u00e7os com qualidade e efici\u00eancia.<\/p>\n<p data-pm-slice=\"1 1 &#091;&#093;\">A <strong>GFS, <\/strong>preocupada com a melhor apresenta\u00e7\u00e3o de seus clientes, mant\u00e9m estes profissionais altamente treinados e capacitados, para realizar o melhor atendimento, apresenta\u00e7\u00e3o e cordialidade nos servi\u00e7os realizados no cliente.<\/p>\n<\/div>\n<\/div>\n<\/div>\n<\/div>\n<div class=\"elementor-element elementor-element-624c866a elementor-widget elementor-widget-text-editor\" data-id=\"624c866a\" data-element_type=\"widget\" data-widget_type=\"text-editor.default\">\n<div class=\"elementor-widget-container\"><\/div>\n<\/div>\n<\/div>\n<\/div>\n<\/div><\/section><\/p><\/div><div class=\"flex_column av_one_third  av-animated-generic bottom-to-top  flex_column_div av-zero-column-padding   avia-builder-el-8  el_after_av_one_third  el_before_av_one_third  \" style='border-radius:0px; '><p><div  class='avia-image-container  av-styling-no-styling    avia-builder-el-9  el_before_av_heading  avia-builder-el-first  avia-align-center '  itemprop=\"image\" itemscope=\"itemscope\" itemtype=\"https:\/\/schema.org\/ImageObject\"  ><div class='avia-image-container-inner'><div class='avia-image-overlay-wrap'><img class='avia_image' src='https:\/\/www.grupoforteseg.com.br\/site\/wp-content\/uploads\/2024\/09\/recepcionista-de-hotel-300x200.jpg' alt='' title='recepcionista-de-hotel' height=\"200\" width=\"300\"  itemprop=\"thumbnailUrl\"  \/><\/div><\/div><\/div><br \/>\n<div  style='padding-bottom:0px; ' class='av-special-heading av-special-heading-h3  blockquote modern-quote  avia-builder-el-10  el_after_av_image  el_before_av_hr  '><h3 class='av-special-heading-tag '  itemprop=\"headline\"  >DIFERENCIAIS<\/h3><div class='special-heading-border'><div class='special-heading-inner-border' ><\/div><\/div><\/div><br \/>\n<div  style=' margin-top:10px; margin-bottom:10px;'  class='hr hr-custom hr-left hr-icon-no   avia-builder-el-11  el_after_av_heading  el_before_av_textblock '><span class='hr-inner  inner-border-av-border-fat' style=' width:50px; border-color:#efbb20;' ><span class='hr-inner-style'><\/span><\/span><\/div><br \/>\n<section class=\"av_textblock_section \"  itemscope=\"itemscope\" itemtype=\"https:\/\/schema.org\/CreativeWork\" ><div class='avia_textblock  '   itemprop=\"text\" ><div class=\"elementor-element elementor-element-30446b82 elementor-widget elementor-widget-heading\" data-id=\"30446b82\" data-element_type=\"widget\" data-widget_type=\"heading.default\">\n<div class=\"elementor-widget-container\">\n<div class=\"elementor-element elementor-element-33cc9e40 elementor-widget elementor-widget-heading\" data-id=\"33cc9e40\" data-element_type=\"widget\" data-widget_type=\"heading.default\">\n<div class=\"elementor-widget-container\">\n<h2 class=\"elementor-heading-title elementor-size-default\">Diferenciais do Servi\u00e7o<\/h2>\n<\/div>\n<\/div>\n<div class=\"elementor-element elementor-element-44517873 elementor-widget elementor-widget-text-editor\" data-id=\"44517873\" data-element_type=\"widget\" data-widget_type=\"text-editor.default\">\n<div class=\"elementor-widget-container\">\n<p data-pm-slice=\"1 1 &#091;&#093;\">O\u00a0<strong>recepcionista<\/strong>\u00a0\u00e9 o profissional\u00a0respons\u00e1vel pelo atendimento a p\u00fablico, seja recebendo a pessoa presencialmente na\u00a0empresa, condom\u00ednio, estabelecimento ou por telefone e e-mail.<\/p>\n<p>Al\u00e9m de atuar na recep\u00e7\u00e3o, atender e filtrar liga\u00e7\u00f5es telef\u00f4nicas, anotar recados e receber visitantes, \u00e9 responsabilidade de um\u00a0<strong>recepcionista<\/strong>\u00a0atividades como<\/p>\n<ul>\n<li>Gerenciamento de compra de materiais de escrit\u00f3rio e higiene;<\/li>\n<li>Envio, recebimento e controle de correspond\u00eancias;<\/li>\n<li>Direcionamento de liga\u00e7\u00f5es;<\/li>\n<li>Outros.<\/li>\n<\/ul>\n<\/div>\n<\/div>\n<\/div>\n<\/div>\n<div class=\"elementor-element elementor-element-7495f6d4 elementor-widget elementor-widget-text-editor\" data-id=\"7495f6d4\" data-element_type=\"widget\" data-widget_type=\"text-editor.default\">\n<div class=\"elementor-widget-container\"><\/div>\n<\/div>\n<\/div><\/section><\/p><\/div><div class=\"flex_column av_one_third  av-animated-generic bottom-to-top  flex_column_div av-zero-column-padding   avia-builder-el-13  el_after_av_one_third  el_before_av_hr  \" style='border-radius:0px; '><p><div  class='avia-image-container  av-styling-no-styling    avia-builder-el-14  el_before_av_heading  avia-builder-el-first  avia-align-center '  itemprop=\"image\" itemscope=\"itemscope\" itemtype=\"https:\/\/schema.org\/ImageObject\"  ><div class='avia-image-container-inner'><div class='avia-image-overlay-wrap'><img class='avia_image' src='https:\/\/www.grupoforteseg.com.br\/site\/wp-content\/uploads\/2024\/09\/recepcion-de-hotel-1-300x200.webp' alt='' title='recepci\u00f3n-de-hotel' height=\"200\" width=\"300\"  itemprop=\"thumbnailUrl\"  \/><\/div><\/div><\/div><br \/>\n<div  style='padding-bottom:0px; ' class='av-special-heading av-special-heading-h3  blockquote modern-quote  avia-builder-el-15  el_after_av_image  el_before_av_hr  '><h3 class='av-special-heading-tag '  itemprop=\"headline\"  >EFICI\u00caNCIA<\/h3><div class='special-heading-border'><div class='special-heading-inner-border' ><\/div><\/div><\/div><br \/>\n<div  style=' margin-top:10px; margin-bottom:10px;'  class='hr hr-custom hr-left hr-icon-no   avia-builder-el-16  el_after_av_heading  el_before_av_textblock '><span class='hr-inner  inner-border-av-border-fat' style=' width:50px; border-color:#efbb20;' ><span class='hr-inner-style'><\/span><\/span><\/div><br \/>\n<section class=\"av_textblock_section \"  itemscope=\"itemscope\" itemtype=\"https:\/\/schema.org\/CreativeWork\" ><div class='avia_textblock  '   itemprop=\"text\" ><div class=\"elementor-element elementor-element-68610e92 elementor-widget elementor-widget-heading\" data-id=\"68610e92\" data-element_type=\"widget\" data-widget_type=\"heading.default\">\n<div class=\"elementor-widget-container\">\n<h2 class=\"elementor-heading-title elementor-size-default\">Solu\u00e7\u00f5es com<br \/>\nefici\u00eancia e intelig\u00eancia<\/h2>\n<\/div>\n<\/div>\n<div class=\"elementor-element elementor-element-24c74b2a elementor-widget elementor-widget-text-editor\" data-id=\"24c74b2a\" data-element_type=\"widget\" data-widget_type=\"text-editor.default\">\n<div class=\"elementor-widget-container\">\n<p>A <strong>GFS<\/strong> se destaca no mercado, por oferecer uma estrat\u00e9gia completa e integrada, disponibilizando aos clientes, solu\u00e7\u00f5es eficazes e inovadoras.<\/p>\n<p>O principal foco \u00e9 a qualidade da presta\u00e7\u00e3o do servi\u00e7o, buscando sempre no mercado, profissionais treinados e capacitados. Objetivando, entregar um resultado totalmente satisfat\u00f3rio em seus\u00a0projetos.<\/p>\n<\/div>\n<\/div>\n<\/div><\/section><\/p><\/div><div  style='height:50px' class='hr hr-invisible   avia-builder-el-18  el_after_av_one_third  avia-builder-el-last '><span class='hr-inner ' ><span class='hr-inner-style'><\/span><\/span><\/div>\n<\/div><\/div><\/main><!-- close content main element --><\/div><\/div><div id='after_section_1'  class='main_color av_default_container_wrap container_wrap sidebar_right' style=' '  ><div class='container' ><div class='template-page content  av-content-small alpha units'><div class='post-entry post-entry-type-page post-entry-735'><div class='entry-content-wrapper clearfix'>\n","protected":false},"excerpt":{"rendered":"","protected":false},"author":1,"featured_media":0,"parent":0,"menu_order":0,"comment_status":"closed","ping_status":"closed","template":"","meta":{"footnotes":""},"class_list":["post-735","page","type-page","status-publish","hentry"],"yoast_head":"<!-- This site is optimized with the Yoast SEO plugin v24.1 - https:\/\/yoast.com\/wordpress\/plugins\/seo\/ -->\n<title>RECEP\u00c7\u00c3O - GFS<\/title>\n<meta name=\"description\" content=\"A solu\u00e7\u00e3o que sua empresa ou condom\u00ednio precisam est\u00e1 aqui. Profissionais capacitados, redu\u00e7\u00e3o de custos e suporte imediato.\" \/>\n<meta name=\"robots\" content=\"index, follow, max-snippet:-1, max-image-preview:large, max-video-preview:-1\" \/>\n<link rel=\"canonical\" href=\"https:\/\/www.grupoforteseg.com.br\/site\/recepcao\/\" \/>\n<meta property=\"og:locale\" content=\"pt_BR\" \/>\n<meta property=\"og:type\" content=\"article\" \/>\n<meta property=\"og:title\" content=\"RECEP\u00c7\u00c3O - GFS\" \/>\n<meta property=\"og:description\" content=\"A solu\u00e7\u00e3o que sua empresa ou condom\u00ednio precisam est\u00e1 aqui. Profissionais capacitados, redu\u00e7\u00e3o de custos e suporte imediato.\" \/>\n<meta property=\"og:url\" content=\"https:\/\/www.grupoforteseg.com.br\/site\/recepcao\/\" \/>\n<meta property=\"og:site_name\" content=\"GFS\" \/>\n<meta property=\"article:modified_time\" content=\"2024-09-24T14:06:32+00:00\" \/>\n<meta name=\"twitter:card\" content=\"summary_large_image\" \/>\n<meta name=\"twitter:label1\" content=\"Est. tempo de leitura\" \/>\n\t<meta name=\"twitter:data1\" content=\"4 minutos\" \/>\n<script type=\"application\/ld+json\" class=\"yoast-schema-graph\">{\"@context\":\"https:\/\/schema.org\",\"@graph\":[{\"@type\":\"WebPage\",\"@id\":\"https:\/\/www.grupoforteseg.com.br\/site\/recepcao\/\",\"url\":\"https:\/\/www.grupoforteseg.com.br\/site\/recepcao\/\",\"name\":\"RECEP\u00c7\u00c3O - GFS\",\"isPartOf\":{\"@id\":\"https:\/\/www.grupoforteseg.com.br\/site\/#website\"},\"datePublished\":\"2024-09-21T00:35:54+00:00\",\"dateModified\":\"2024-09-24T14:06:32+00:00\",\"description\":\"A solu\u00e7\u00e3o que sua empresa ou condom\u00ednio precisam est\u00e1 aqui. Profissionais capacitados, redu\u00e7\u00e3o de custos e suporte imediato.\",\"breadcrumb\":{\"@id\":\"https:\/\/www.grupoforteseg.com.br\/site\/recepcao\/#breadcrumb\"},\"inLanguage\":\"pt-BR\",\"potentialAction\":[{\"@type\":\"ReadAction\",\"target\":[\"https:\/\/www.grupoforteseg.com.br\/site\/recepcao\/\"]}]},{\"@type\":\"BreadcrumbList\",\"@id\":\"https:\/\/www.grupoforteseg.com.br\/site\/recepcao\/#breadcrumb\",\"itemListElement\":[{\"@type\":\"ListItem\",\"position\":1,\"name\":\"In\u00edcio\",\"item\":\"https:\/\/www.grupoforteseg.com.br\/site\/\"},{\"@type\":\"ListItem\",\"position\":2,\"name\":\"RECEP\u00c7\u00c3O\"}]},{\"@type\":\"WebSite\",\"@id\":\"https:\/\/www.grupoforteseg.com.br\/site\/#website\",\"url\":\"https:\/\/www.grupoforteseg.com.br\/site\/\",\"name\":\"Grupo Forteseg\",\"description\":\"Facilities e Terceiriza\u00e7\u00e3o\",\"publisher\":{\"@id\":\"https:\/\/www.grupoforteseg.com.br\/site\/#organization\"},\"potentialAction\":[{\"@type\":\"SearchAction\",\"target\":{\"@type\":\"EntryPoint\",\"urlTemplate\":\"https:\/\/www.grupoforteseg.com.br\/site\/?s={search_term_string}\"},\"query-input\":{\"@type\":\"PropertyValueSpecification\",\"valueRequired\":true,\"valueName\":\"search_term_string\"}}],\"inLanguage\":\"pt-BR\"},{\"@type\":\"Organization\",\"@id\":\"https:\/\/www.grupoforteseg.com.br\/site\/#organization\",\"name\":\"Grupo Forteseg\",\"url\":\"https:\/\/www.grupoforteseg.com.br\/site\/\",\"logo\":{\"@type\":\"ImageObject\",\"inLanguage\":\"pt-BR\",\"@id\":\"https:\/\/www.grupoforteseg.com.br\/site\/#\/schema\/logo\/image\/\",\"url\":\"\",\"contentUrl\":\"\",\"caption\":\"Grupo Forteseg\"},\"image\":{\"@id\":\"https:\/\/www.grupoforteseg.com.br\/site\/#\/schema\/logo\/image\/\"}}]}<\/script>\n<!-- \/ Yoast SEO plugin. -->","yoast_head_json":{"title":"RECEP\u00c7\u00c3O - GFS","description":"A solu\u00e7\u00e3o que sua empresa ou condom\u00ednio precisam est\u00e1 aqui. Profissionais capacitados, redu\u00e7\u00e3o de custos e suporte imediato.","robots":{"index":"index","follow":"follow","max-snippet":"max-snippet:-1","max-image-preview":"max-image-preview:large","max-video-preview":"max-video-preview:-1"},"canonical":"https:\/\/www.grupoforteseg.com.br\/site\/recepcao\/","og_locale":"pt_BR","og_type":"article","og_title":"RECEP\u00c7\u00c3O - GFS","og_description":"A solu\u00e7\u00e3o que sua empresa ou condom\u00ednio precisam est\u00e1 aqui. Profissionais capacitados, redu\u00e7\u00e3o de custos e suporte imediato.","og_url":"https:\/\/www.grupoforteseg.com.br\/site\/recepcao\/","og_site_name":"GFS","article_modified_time":"2024-09-24T14:06:32+00:00","twitter_card":"summary_large_image","twitter_misc":{"Est. tempo de leitura":"4 minutos"},"schema":{"@context":"https:\/\/schema.org","@graph":[{"@type":"WebPage","@id":"https:\/\/www.grupoforteseg.com.br\/site\/recepcao\/","url":"https:\/\/www.grupoforteseg.com.br\/site\/recepcao\/","name":"RECEP\u00c7\u00c3O - GFS","isPartOf":{"@id":"https:\/\/www.grupoforteseg.com.br\/site\/#website"},"datePublished":"2024-09-21T00:35:54+00:00","dateModified":"2024-09-24T14:06:32+00:00","description":"A solu\u00e7\u00e3o que sua empresa ou condom\u00ednio precisam est\u00e1 aqui. Profissionais capacitados, redu\u00e7\u00e3o de custos e suporte imediato.","breadcrumb":{"@id":"https:\/\/www.grupoforteseg.com.br\/site\/recepcao\/#breadcrumb"},"inLanguage":"pt-BR","potentialAction":[{"@type":"ReadAction","target":["https:\/\/www.grupoforteseg.com.br\/site\/recepcao\/"]}]},{"@type":"BreadcrumbList","@id":"https:\/\/www.grupoforteseg.com.br\/site\/recepcao\/#breadcrumb","itemListElement":[{"@type":"ListItem","position":1,"name":"In\u00edcio","item":"https:\/\/www.grupoforteseg.com.br\/site\/"},{"@type":"ListItem","position":2,"name":"RECEP\u00c7\u00c3O"}]},{"@type":"WebSite","@id":"https:\/\/www.grupoforteseg.com.br\/site\/#website","url":"https:\/\/www.grupoforteseg.com.br\/site\/","name":"Grupo Forteseg","description":"Facilities e Terceiriza\u00e7\u00e3o","publisher":{"@id":"https:\/\/www.grupoforteseg.com.br\/site\/#organization"},"potentialAction":[{"@type":"SearchAction","target":{"@type":"EntryPoint","urlTemplate":"https:\/\/www.grupoforteseg.com.br\/site\/?s={search_term_string}"},"query-input":{"@type":"PropertyValueSpecification","valueRequired":true,"valueName":"search_term_string"}}],"inLanguage":"pt-BR"},{"@type":"Organization","@id":"https:\/\/www.grupoforteseg.com.br\/site\/#organization","name":"Grupo Forteseg","url":"https:\/\/www.grupoforteseg.com.br\/site\/","logo":{"@type":"ImageObject","inLanguage":"pt-BR","@id":"https:\/\/www.grupoforteseg.com.br\/site\/#\/schema\/logo\/image\/","url":"","contentUrl":"","caption":"Grupo Forteseg"},"image":{"@id":"https:\/\/www.grupoforteseg.com.br\/site\/#\/schema\/logo\/image\/"}}]}},"_links":{"self":[{"href":"https:\/\/www.grupoforteseg.com.br\/site\/wp-json\/wp\/v2\/pages\/735","targetHints":{"allow":["GET"]}}],"collection":[{"href":"https:\/\/www.grupoforteseg.com.br\/site\/wp-json\/wp\/v2\/pages"}],"about":[{"href":"https:\/\/www.grupoforteseg.com.br\/site\/wp-json\/wp\/v2\/types\/page"}],"author":[{"embeddable":true,"href":"https:\/\/www.grupoforteseg.com.br\/site\/wp-json\/wp\/v2\/users\/1"}],"replies":[{"embeddable":true,"href":"https:\/\/www.grupoforteseg.com.br\/site\/wp-json\/wp\/v2\/comments?post=735"}],"version-history":[{"count":3,"href":"https:\/\/www.grupoforteseg.com.br\/site\/wp-json\/wp\/v2\/pages\/735\/revisions"}],"predecessor-version":[{"id":814,"href":"https:\/\/www.grupoforteseg.com.br\/site\/wp-json\/wp\/v2\/pages\/735\/revisions\/814"}],"wp:attachment":[{"href":"https:\/\/www.grupoforteseg.com.br\/site\/wp-json\/wp\/v2\/media?parent=735"}],"curies":[{"name":"wp","href":"https:\/\/api.w.org\/{rel}","templated":true}]}}