{"id":664,"date":"2024-09-20T16:00:15","date_gmt":"2024-09-20T19:00:15","guid":{"rendered":"https:\/\/www.grupoforteseg.com.br\/site\/?page_id=664"},"modified":"2024-09-24T12:15:47","modified_gmt":"2024-09-24T15:15:47","slug":"controlador-de-acesso","status":"publish","type":"page","link":"https:\/\/www.grupoforteseg.com.br\/site\/controlador-de-acesso\/","title":{"rendered":"CONTROLADOR DE ACESSO"},"content":{"rendered":"<div id='nossos-servicos'  class='avia-section main_color avia-section-large avia-no-border-styling  avia-bg-style-scroll  avia-builder-el-0  avia-builder-el-no-sibling   container_wrap sidebar_right' style=' '  ><div class='container' ><main  role=\"main\" itemprop=\"mainContentOfPage\"  class='template-page content  av-content-small alpha units'><div class='post-entry post-entry-type-page post-entry-664'><div class='entry-content-wrapper clearfix'>\n<div  style='padding-bottom:0px; ' class='av-special-heading av-special-heading-h2  blockquote modern-quote modern-centered  avia-builder-el-1  el_before_av_hr  avia-builder-el-first  '><h2 class='av-special-heading-tag '  itemprop=\"headline\"  >PORTEIRO E CONTROLADOR DE ACESSO<\/h2><div class='special-heading-border'><div class='special-heading-inner-border' ><\/div><\/div><\/div>\n<div  style=' margin-top:5px; margin-bottom:35px;'  class='hr hr-custom hr-center hr-icon-no   avia-builder-el-2  el_after_av_heading  el_before_av_one_third '><span class='hr-inner  inner-border-av-border-fat' style=' width:50px; border-color:#efbb20;' ><span class='hr-inner-style'><\/span><\/span><\/div>\n<div class=\"flex_column av_one_third  av-animated-generic bottom-to-top  flex_column_div av-zero-column-padding first  avia-builder-el-3  el_after_av_hr  el_before_av_one_third  \" style='border-radius:0px; '><p><div  class='avia-image-container  av-styling-no-styling    avia-builder-el-4  el_before_av_heading  avia-builder-el-first  avia-align-center '  itemprop=\"image\" itemscope=\"itemscope\" itemtype=\"https:\/\/schema.org\/ImageObject\"  ><div class='avia-image-container-inner'><div class='avia-image-overlay-wrap'><img class='avia_image' src='https:\/\/www.grupoforteseg.com.br\/site\/wp-content\/uploads\/2024\/09\/porteiro-300x171.jpg' alt='' title='porteiro' height=\"171\" width=\"300\"  itemprop=\"thumbnailUrl\"  \/><\/div><\/div><\/div><br \/>\n<div  style='padding-bottom:0px; ' class='av-special-heading av-special-heading-h3  blockquote modern-quote  avia-builder-el-5  el_after_av_image  el_before_av_hr  '><h3 class='av-special-heading-tag '  itemprop=\"headline\"  >PORTEIRO E CONTROLADOR DE ACESSO<\/h3><div class='special-heading-border'><div class='special-heading-inner-border' ><\/div><\/div><\/div><br \/>\n<div  style=' margin-top:10px; margin-bottom:10px;'  class='hr hr-custom hr-left hr-icon-no   avia-builder-el-6  el_after_av_heading  el_before_av_textblock '><span class='hr-inner  inner-border-av-border-fat' style=' width:50px; border-color:#efbb20;' ><span class='hr-inner-style'><\/span><\/span><\/div><br \/>\n<section class=\"av_textblock_section \"  itemscope=\"itemscope\" itemtype=\"https:\/\/schema.org\/CreativeWork\" ><div class='avia_textblock  '   itemprop=\"text\" ><div class=\"elementor-element elementor-element-679da8db elementor-widget elementor-widget-heading\" data-id=\"679da8db\" data-element_type=\"widget\" data-widget_type=\"heading.default\">\n<div class=\"elementor-widget-container\">\n<h2 class=\"elementor-heading-title elementor-size-default\">Porteiro e Controlador de Acesso para Ind\u00fastrias<\/h2>\n<\/div>\n<\/div>\n<div class=\"elementor-element elementor-element-52acba6 elementor-widget elementor-widget-text-editor\" data-id=\"52acba6\" data-element_type=\"widget\" data-widget_type=\"text-editor.default\">\n<div class=\"elementor-widget-container\">\n<p class=\"p1\">A principal fun\u00e7\u00e3o da Portaria \u00e9 atender bem e com cortesia visitantes, fornecedores e usu\u00e1rios de um determinado local. Esse servi\u00e7o \u00e9 o respons\u00e1vel pela primeira impress\u00e3o que o empreendimento ir\u00e1 deixar em quem o visita, atendendo a necessidade do p\u00fablico, com simpatia e dilig\u00eancia. Para cumprir essa miss\u00e3o, atentos a poss\u00edveis tentativas de intrus\u00e3o, os profissionais da <strong>GFS <\/strong>s\u00e3o intensamente treinados com os fundamentos da fun\u00e7\u00e3o e com os requisitos de cada cliente, de cada opera\u00e7\u00e3o.<\/p>\n<\/div>\n<\/div>\n<\/div><\/section><\/p><\/div><div class=\"flex_column av_one_third  av-animated-generic bottom-to-top  flex_column_div av-zero-column-padding   avia-builder-el-8  el_after_av_one_third  el_before_av_one_third  \" style='border-radius:0px; '><p><div  class='avia-image-container  av-styling-no-styling    avia-builder-el-9  el_before_av_heading  avia-builder-el-first  avia-align-center '  itemprop=\"image\" itemscope=\"itemscope\" itemtype=\"https:\/\/schema.org\/ImageObject\"  ><div class='avia-image-container-inner'><div class='avia-image-overlay-wrap'><img class='avia_image' src='https:\/\/www.grupoforteseg.com.br\/site\/wp-content\/uploads\/2024\/09\/Portaria-e-controle-de-acesso_03-1-768x458-1-300x179.webp' alt='' title='Portaria-e-controle-de-acesso_03-1-768x458' height=\"179\" width=\"300\"  itemprop=\"thumbnailUrl\"  \/><\/div><\/div><\/div><br \/>\n<div  style='padding-bottom:0px; ' class='av-special-heading av-special-heading-h3  blockquote modern-quote  avia-builder-el-10  el_after_av_image  el_before_av_hr  '><h3 class='av-special-heading-tag '  itemprop=\"headline\"  >DIFERENCIAIS<\/h3><div class='special-heading-border'><div class='special-heading-inner-border' ><\/div><\/div><\/div><br \/>\n<div  style=' margin-top:10px; margin-bottom:10px;'  class='hr hr-custom hr-left hr-icon-no   avia-builder-el-11  el_after_av_heading  el_before_av_textblock '><span class='hr-inner  inner-border-av-border-fat' style=' width:50px; border-color:#efbb20;' ><span class='hr-inner-style'><\/span><\/span><\/div><br \/>\n<section class=\"av_textblock_section \"  itemscope=\"itemscope\" itemtype=\"https:\/\/schema.org\/CreativeWork\" ><div class='avia_textblock  '   itemprop=\"text\" ><div class=\"elementor-element elementor-element-33d08012 elementor-widget elementor-widget-heading\" data-id=\"33d08012\" data-element_type=\"widget\" data-widget_type=\"heading.default\">\n<div class=\"elementor-widget-container\">\n<h2 class=\"elementor-heading-title elementor-size-default\">Diferenciais do Servi\u00e7o<\/h2>\n<\/div>\n<\/div>\n<div class=\"elementor-element elementor-element-31b7f907 elementor-widget elementor-widget-text-editor\" data-id=\"31b7f907\" data-element_type=\"widget\" data-widget_type=\"text-editor.default\">\n<div class=\"elementor-widget-container\">\n<p>A vigil\u00e2ncia patrimonial \u00e9 uma necessidade cada vez mais presente em nossa sociedade. Por meio da ado\u00e7\u00e3o desta pr\u00e1tica, as institui\u00e7\u00f5es buscam assegurar a manuten\u00e7\u00e3o do seu patrim\u00f4nio material, bem como a integridade f\u00edsica das pessoas.<\/p>\n<p>Por isso, nossas solu\u00e7\u00f5es unem tecnologia, profissionais engajados e treinados constantemente, dedicados totalmente \u00e0 seguran\u00e7a do patrim\u00f4nio e do seu dia a dia.<\/p>\n<\/div>\n<\/div>\n<\/div><\/section><\/p><\/div><div class=\"flex_column av_one_third  av-animated-generic bottom-to-top  flex_column_div av-zero-column-padding   avia-builder-el-13  el_after_av_one_third  el_before_av_hr  \" style='border-radius:0px; '><p><div  class='avia-image-container  av-styling-no-styling    avia-builder-el-14  el_before_av_heading  avia-builder-el-first  avia-align-center '  itemprop=\"image\" itemscope=\"itemscope\" itemtype=\"https:\/\/schema.org\/ImageObject\"  ><div class='avia-image-container-inner'><div class='avia-image-overlay-wrap'><img class='avia_image' src='https:\/\/www.grupoforteseg.com.br\/site\/wp-content\/uploads\/2024\/09\/istockphoto-1385328555-612x612-1-300x178.jpg' alt='' title='istockphoto-1385328555-612x612' height=\"178\" width=\"300\"  itemprop=\"thumbnailUrl\"  \/><\/div><\/div><\/div><br \/>\n<div  style='padding-bottom:0px; ' class='av-special-heading av-special-heading-h3  blockquote modern-quote  avia-builder-el-15  el_after_av_image  el_before_av_hr  '><h3 class='av-special-heading-tag '  itemprop=\"headline\"  >EFICI\u00caNCIA<\/h3><div class='special-heading-border'><div class='special-heading-inner-border' ><\/div><\/div><\/div><br \/>\n<div  style=' margin-top:10px; margin-bottom:10px;'  class='hr hr-custom hr-left hr-icon-no   avia-builder-el-16  el_after_av_heading  el_before_av_textblock '><span class='hr-inner  inner-border-av-border-fat' style=' width:50px; border-color:#efbb20;' ><span class='hr-inner-style'><\/span><\/span><\/div><br \/>\n<section class=\"av_textblock_section \"  itemscope=\"itemscope\" itemtype=\"https:\/\/schema.org\/CreativeWork\" ><div class='avia_textblock  '   itemprop=\"text\" ><div class=\"elementor-element elementor-element-68610e92 elementor-widget elementor-widget-heading\" data-id=\"68610e92\" data-element_type=\"widget\" data-widget_type=\"heading.default\">\n<div class=\"elementor-widget-container\">\n<h2 class=\"elementor-heading-title elementor-size-default\">Solu\u00e7\u00f5es com<br \/>\nefici\u00eancia e intelig\u00eancia<\/h2>\n<\/div>\n<\/div>\n<div class=\"elementor-element elementor-element-24c74b2a elementor-widget elementor-widget-text-editor\" data-id=\"24c74b2a\" data-element_type=\"widget\" data-widget_type=\"text-editor.default\">\n<div class=\"elementor-widget-container\">\n<p>A <strong>GFS<\/strong> se destaca no mercado, por oferecer uma estrat\u00e9gia completa e integrada, disponibilizando aos clientes, solu\u00e7\u00f5es eficazes e inovadoras.<\/p>\n<p>O principal foco \u00e9 a qualidade da presta\u00e7\u00e3o do servi\u00e7o, buscando sempre no mercado, profissionais treinados e capacitados. Objetivando, entregar um resultado totalmente satisfat\u00f3rio em seus\u00a0projetos.<\/p>\n<\/div>\n<\/div>\n<\/div><\/section><\/p><\/div><div  style='height:50px' class='hr hr-invisible   avia-builder-el-18  el_after_av_one_third  avia-builder-el-last '><span class='hr-inner ' ><span class='hr-inner-style'><\/span><\/span><\/div>\n<\/div><\/div><\/main><!-- close content main element --><\/div><\/div><div id='after_section_1'  class='main_color av_default_container_wrap container_wrap sidebar_right' style=' '  ><div class='container' ><div class='template-page content  av-content-small alpha units'><div class='post-entry post-entry-type-page post-entry-664'><div class='entry-content-wrapper clearfix'>\n","protected":false},"excerpt":{"rendered":"","protected":false},"author":1,"featured_media":0,"parent":0,"menu_order":0,"comment_status":"closed","ping_status":"closed","template":"","meta":{"footnotes":""},"class_list":["post-664","page","type-page","status-publish","hentry"],"yoast_head":"<!-- This site is optimized with the Yoast SEO plugin v24.1 - https:\/\/yoast.com\/wordpress\/plugins\/seo\/ -->\n<title>CONTROLADOR DE ACESSO - GFS<\/title>\n<meta name=\"description\" content=\"A solu\u00e7\u00e3o que sua empresa ou condom\u00ednio precisam est\u00e1 aqui. Profissionais capacitados, redu\u00e7\u00e3o de custos e suporte imediato.\" \/>\n<meta name=\"robots\" content=\"index, follow, max-snippet:-1, max-image-preview:large, max-video-preview:-1\" \/>\n<link rel=\"canonical\" href=\"https:\/\/www.grupoforteseg.com.br\/site\/controlador-de-acesso\/\" \/>\n<meta property=\"og:locale\" content=\"pt_BR\" \/>\n<meta property=\"og:type\" content=\"article\" \/>\n<meta property=\"og:title\" content=\"CONTROLADOR DE ACESSO - GFS\" \/>\n<meta property=\"og:description\" content=\"A solu\u00e7\u00e3o que sua empresa ou condom\u00ednio precisam est\u00e1 aqui. Profissionais capacitados, redu\u00e7\u00e3o de custos e suporte imediato.\" \/>\n<meta property=\"og:url\" content=\"https:\/\/www.grupoforteseg.com.br\/site\/controlador-de-acesso\/\" \/>\n<meta property=\"og:site_name\" content=\"GFS\" \/>\n<meta property=\"article:modified_time\" content=\"2024-09-24T15:15:47+00:00\" \/>\n<meta name=\"twitter:card\" content=\"summary_large_image\" \/>\n<meta name=\"twitter:label1\" content=\"Est. tempo de leitura\" \/>\n\t<meta name=\"twitter:data1\" content=\"4 minutos\" \/>\n<script type=\"application\/ld+json\" class=\"yoast-schema-graph\">{\"@context\":\"https:\/\/schema.org\",\"@graph\":[{\"@type\":\"WebPage\",\"@id\":\"https:\/\/www.grupoforteseg.com.br\/site\/controlador-de-acesso\/\",\"url\":\"https:\/\/www.grupoforteseg.com.br\/site\/controlador-de-acesso\/\",\"name\":\"CONTROLADOR DE ACESSO - GFS\",\"isPartOf\":{\"@id\":\"https:\/\/www.grupoforteseg.com.br\/site\/#website\"},\"datePublished\":\"2024-09-20T19:00:15+00:00\",\"dateModified\":\"2024-09-24T15:15:47+00:00\",\"description\":\"A solu\u00e7\u00e3o que sua empresa ou condom\u00ednio precisam est\u00e1 aqui. Profissionais capacitados, redu\u00e7\u00e3o de custos e suporte imediato.\",\"breadcrumb\":{\"@id\":\"https:\/\/www.grupoforteseg.com.br\/site\/controlador-de-acesso\/#breadcrumb\"},\"inLanguage\":\"pt-BR\",\"potentialAction\":[{\"@type\":\"ReadAction\",\"target\":[\"https:\/\/www.grupoforteseg.com.br\/site\/controlador-de-acesso\/\"]}]},{\"@type\":\"BreadcrumbList\",\"@id\":\"https:\/\/www.grupoforteseg.com.br\/site\/controlador-de-acesso\/#breadcrumb\",\"itemListElement\":[{\"@type\":\"ListItem\",\"position\":1,\"name\":\"In\u00edcio\",\"item\":\"https:\/\/www.grupoforteseg.com.br\/site\/\"},{\"@type\":\"ListItem\",\"position\":2,\"name\":\"CONTROLADOR DE ACESSO\"}]},{\"@type\":\"WebSite\",\"@id\":\"https:\/\/www.grupoforteseg.com.br\/site\/#website\",\"url\":\"https:\/\/www.grupoforteseg.com.br\/site\/\",\"name\":\"Grupo Forteseg\",\"description\":\"Facilities e Terceiriza\u00e7\u00e3o\",\"publisher\":{\"@id\":\"https:\/\/www.grupoforteseg.com.br\/site\/#organization\"},\"potentialAction\":[{\"@type\":\"SearchAction\",\"target\":{\"@type\":\"EntryPoint\",\"urlTemplate\":\"https:\/\/www.grupoforteseg.com.br\/site\/?s={search_term_string}\"},\"query-input\":{\"@type\":\"PropertyValueSpecification\",\"valueRequired\":true,\"valueName\":\"search_term_string\"}}],\"inLanguage\":\"pt-BR\"},{\"@type\":\"Organization\",\"@id\":\"https:\/\/www.grupoforteseg.com.br\/site\/#organization\",\"name\":\"Grupo Forteseg\",\"url\":\"https:\/\/www.grupoforteseg.com.br\/site\/\",\"logo\":{\"@type\":\"ImageObject\",\"inLanguage\":\"pt-BR\",\"@id\":\"https:\/\/www.grupoforteseg.com.br\/site\/#\/schema\/logo\/image\/\",\"url\":\"\",\"contentUrl\":\"\",\"caption\":\"Grupo Forteseg\"},\"image\":{\"@id\":\"https:\/\/www.grupoforteseg.com.br\/site\/#\/schema\/logo\/image\/\"}}]}<\/script>\n<!-- \/ Yoast SEO plugin. -->","yoast_head_json":{"title":"CONTROLADOR DE ACESSO - GFS","description":"A solu\u00e7\u00e3o que sua empresa ou condom\u00ednio precisam est\u00e1 aqui. Profissionais capacitados, redu\u00e7\u00e3o de custos e suporte imediato.","robots":{"index":"index","follow":"follow","max-snippet":"max-snippet:-1","max-image-preview":"max-image-preview:large","max-video-preview":"max-video-preview:-1"},"canonical":"https:\/\/www.grupoforteseg.com.br\/site\/controlador-de-acesso\/","og_locale":"pt_BR","og_type":"article","og_title":"CONTROLADOR DE ACESSO - GFS","og_description":"A solu\u00e7\u00e3o que sua empresa ou condom\u00ednio precisam est\u00e1 aqui. Profissionais capacitados, redu\u00e7\u00e3o de custos e suporte imediato.","og_url":"https:\/\/www.grupoforteseg.com.br\/site\/controlador-de-acesso\/","og_site_name":"GFS","article_modified_time":"2024-09-24T15:15:47+00:00","twitter_card":"summary_large_image","twitter_misc":{"Est. tempo de leitura":"4 minutos"},"schema":{"@context":"https:\/\/schema.org","@graph":[{"@type":"WebPage","@id":"https:\/\/www.grupoforteseg.com.br\/site\/controlador-de-acesso\/","url":"https:\/\/www.grupoforteseg.com.br\/site\/controlador-de-acesso\/","name":"CONTROLADOR DE ACESSO - GFS","isPartOf":{"@id":"https:\/\/www.grupoforteseg.com.br\/site\/#website"},"datePublished":"2024-09-20T19:00:15+00:00","dateModified":"2024-09-24T15:15:47+00:00","description":"A solu\u00e7\u00e3o que sua empresa ou condom\u00ednio precisam est\u00e1 aqui. Profissionais capacitados, redu\u00e7\u00e3o de custos e suporte imediato.","breadcrumb":{"@id":"https:\/\/www.grupoforteseg.com.br\/site\/controlador-de-acesso\/#breadcrumb"},"inLanguage":"pt-BR","potentialAction":[{"@type":"ReadAction","target":["https:\/\/www.grupoforteseg.com.br\/site\/controlador-de-acesso\/"]}]},{"@type":"BreadcrumbList","@id":"https:\/\/www.grupoforteseg.com.br\/site\/controlador-de-acesso\/#breadcrumb","itemListElement":[{"@type":"ListItem","position":1,"name":"In\u00edcio","item":"https:\/\/www.grupoforteseg.com.br\/site\/"},{"@type":"ListItem","position":2,"name":"CONTROLADOR DE ACESSO"}]},{"@type":"WebSite","@id":"https:\/\/www.grupoforteseg.com.br\/site\/#website","url":"https:\/\/www.grupoforteseg.com.br\/site\/","name":"Grupo Forteseg","description":"Facilities e Terceiriza\u00e7\u00e3o","publisher":{"@id":"https:\/\/www.grupoforteseg.com.br\/site\/#organization"},"potentialAction":[{"@type":"SearchAction","target":{"@type":"EntryPoint","urlTemplate":"https:\/\/www.grupoforteseg.com.br\/site\/?s={search_term_string}"},"query-input":{"@type":"PropertyValueSpecification","valueRequired":true,"valueName":"search_term_string"}}],"inLanguage":"pt-BR"},{"@type":"Organization","@id":"https:\/\/www.grupoforteseg.com.br\/site\/#organization","name":"Grupo Forteseg","url":"https:\/\/www.grupoforteseg.com.br\/site\/","logo":{"@type":"ImageObject","inLanguage":"pt-BR","@id":"https:\/\/www.grupoforteseg.com.br\/site\/#\/schema\/logo\/image\/","url":"","contentUrl":"","caption":"Grupo Forteseg"},"image":{"@id":"https:\/\/www.grupoforteseg.com.br\/site\/#\/schema\/logo\/image\/"}}]}},"_links":{"self":[{"href":"https:\/\/www.grupoforteseg.com.br\/site\/wp-json\/wp\/v2\/pages\/664","targetHints":{"allow":["GET"]}}],"collection":[{"href":"https:\/\/www.grupoforteseg.com.br\/site\/wp-json\/wp\/v2\/pages"}],"about":[{"href":"https:\/\/www.grupoforteseg.com.br\/site\/wp-json\/wp\/v2\/types\/page"}],"author":[{"embeddable":true,"href":"https:\/\/www.grupoforteseg.com.br\/site\/wp-json\/wp\/v2\/users\/1"}],"replies":[{"embeddable":true,"href":"https:\/\/www.grupoforteseg.com.br\/site\/wp-json\/wp\/v2\/comments?post=664"}],"version-history":[{"count":3,"href":"https:\/\/www.grupoforteseg.com.br\/site\/wp-json\/wp\/v2\/pages\/664\/revisions"}],"predecessor-version":[{"id":857,"href":"https:\/\/www.grupoforteseg.com.br\/site\/wp-json\/wp\/v2\/pages\/664\/revisions\/857"}],"wp:attachment":[{"href":"https:\/\/www.grupoforteseg.com.br\/site\/wp-json\/wp\/v2\/media?parent=664"}],"curies":[{"name":"wp","href":"https:\/\/api.w.org\/{rel}","templated":true}]}}