{"id":360,"date":"2020-08-20T15:38:12","date_gmt":"2020-08-20T18:38:12","guid":{"rendered":"https:\/\/www.grupoforteseg.com.br\/site\/?page_id=360"},"modified":"2026-03-31T12:24:42","modified_gmt":"2026-03-31T15:24:42","slug":"trabalhe-conosco","status":"publish","type":"page","link":"https:\/\/www.grupoforteseg.com.br\/site\/trabalhe-conosco\/","title":{"rendered":"TRABALHE CONOSCO"},"content":{"rendered":"<div id='av_section_1'  class='avia-section main_color avia-section-default avia-no-border-styling  avia-bg-style-scroll  avia-builder-el-0  avia-builder-el-no-sibling   container_wrap sidebar_right' style=' '  ><div class='container' ><main  role=\"main\" itemprop=\"mainContentOfPage\"  class='template-page content  av-content-small alpha units'><div class='post-entry post-entry-type-page post-entry-360'><div class='entry-content-wrapper clearfix'>\n<div  style='padding-bottom:10px; ' class='av-special-heading av-special-heading-h1 custom-color-heading blockquote modern-quote modern-centered  avia-builder-el-1  el_before_av_hr  avia-builder-el-first  av-linked-heading '><h1 class='av-special-heading-tag '  itemprop=\"headline\"  ><a href=\"https:\/\/gfs.dtm.com.br\/Etalent\/Home\">Trabalhe Conosco<\/a><\/h1><div class='special-heading-border'><div class='special-heading-inner-border' ><\/div><\/div><\/div>\n<div  style=' margin-top:5px; margin-bottom:35px;'  class='hr hr-custom hr-center hr-icon-no   avia-builder-el-2  el_after_av_heading  avia-builder-el-last '><span class='hr-inner  inner-border-av-border-fat' style=' width:50px; border-color:#efbb20;' ><span class='hr-inner-style'><\/span><\/span><\/div>\n<\/div><\/div><\/main><!-- close content main element --><\/div><\/div><div id='after_section_1'  class='main_color av_default_container_wrap container_wrap sidebar_right' style=' '  ><div class='container' ><div class='template-page content  av-content-small alpha units'><div class='post-entry post-entry-type-page post-entry-360'><div class='entry-content-wrapper clearfix'>\n","protected":false},"excerpt":{"rendered":"","protected":false},"author":1,"featured_media":0,"parent":0,"menu_order":0,"comment_status":"closed","ping_status":"closed","template":"","meta":{"footnotes":""},"class_list":["post-360","page","type-page","status-publish","hentry"],"yoast_head":"<!-- This site is optimized with the Yoast SEO plugin v24.1 - https:\/\/yoast.com\/wordpress\/plugins\/seo\/ -->\n<title>TRABALHE CONOSCO - GFS<\/title>\n<meta name=\"description\" content=\"Fa\u00e7a parte de uma empresa que cresce a cada dia junto a seus colaboradores. Cursos de capacita\u00e7\u00e3o, possibilidade de bonifica\u00e7\u00e3o e promo\u00e7\u00e3o.\" \/>\n<meta name=\"robots\" content=\"index, follow, max-snippet:-1, max-image-preview:large, max-video-preview:-1\" \/>\n<link rel=\"canonical\" href=\"https:\/\/www.grupoforteseg.com.br\/site\/trabalhe-conosco\/\" \/>\n<meta property=\"og:locale\" content=\"pt_BR\" \/>\n<meta property=\"og:type\" content=\"article\" \/>\n<meta property=\"og:title\" content=\"TRABALHE CONOSCO - GFS\" \/>\n<meta property=\"og:description\" content=\"Fa\u00e7a parte de uma empresa que cresce a cada dia junto a seus colaboradores. Cursos de capacita\u00e7\u00e3o, possibilidade de bonifica\u00e7\u00e3o e promo\u00e7\u00e3o.\" \/>\n<meta property=\"og:url\" content=\"https:\/\/www.grupoforteseg.com.br\/site\/trabalhe-conosco\/\" \/>\n<meta property=\"og:site_name\" content=\"GFS\" \/>\n<meta property=\"article:modified_time\" content=\"2026-03-31T15:24:42+00:00\" \/>\n<meta name=\"twitter:card\" content=\"summary_large_image\" \/>\n<meta name=\"twitter:label1\" content=\"Est. tempo de leitura\" \/>\n\t<meta name=\"twitter:data1\" content=\"1 minuto\" \/>\n<script type=\"application\/ld+json\" class=\"yoast-schema-graph\">{\"@context\":\"https:\/\/schema.org\",\"@graph\":[{\"@type\":\"WebPage\",\"@id\":\"https:\/\/www.grupoforteseg.com.br\/site\/trabalhe-conosco\/\",\"url\":\"https:\/\/www.grupoforteseg.com.br\/site\/trabalhe-conosco\/\",\"name\":\"TRABALHE CONOSCO - GFS\",\"isPartOf\":{\"@id\":\"https:\/\/www.grupoforteseg.com.br\/site\/#website\"},\"datePublished\":\"2020-08-20T18:38:12+00:00\",\"dateModified\":\"2026-03-31T15:24:42+00:00\",\"description\":\"Fa\u00e7a parte de uma empresa que cresce a cada dia junto a seus colaboradores. Cursos de capacita\u00e7\u00e3o, possibilidade de bonifica\u00e7\u00e3o e promo\u00e7\u00e3o.\",\"breadcrumb\":{\"@id\":\"https:\/\/www.grupoforteseg.com.br\/site\/trabalhe-conosco\/#breadcrumb\"},\"inLanguage\":\"pt-BR\",\"potentialAction\":[{\"@type\":\"ReadAction\",\"target\":[\"https:\/\/www.grupoforteseg.com.br\/site\/trabalhe-conosco\/\"]}]},{\"@type\":\"BreadcrumbList\",\"@id\":\"https:\/\/www.grupoforteseg.com.br\/site\/trabalhe-conosco\/#breadcrumb\",\"itemListElement\":[{\"@type\":\"ListItem\",\"position\":1,\"name\":\"In\u00edcio\",\"item\":\"https:\/\/www.grupoforteseg.com.br\/site\/\"},{\"@type\":\"ListItem\",\"position\":2,\"name\":\"TRABALHE CONOSCO\"}]},{\"@type\":\"WebSite\",\"@id\":\"https:\/\/www.grupoforteseg.com.br\/site\/#website\",\"url\":\"https:\/\/www.grupoforteseg.com.br\/site\/\",\"name\":\"Grupo Forteseg\",\"description\":\"Facilities e Terceiriza\u00e7\u00e3o\",\"publisher\":{\"@id\":\"https:\/\/www.grupoforteseg.com.br\/site\/#organization\"},\"potentialAction\":[{\"@type\":\"SearchAction\",\"target\":{\"@type\":\"EntryPoint\",\"urlTemplate\":\"https:\/\/www.grupoforteseg.com.br\/site\/?s={search_term_string}\"},\"query-input\":{\"@type\":\"PropertyValueSpecification\",\"valueRequired\":true,\"valueName\":\"search_term_string\"}}],\"inLanguage\":\"pt-BR\"},{\"@type\":\"Organization\",\"@id\":\"https:\/\/www.grupoforteseg.com.br\/site\/#organization\",\"name\":\"Grupo Forteseg\",\"url\":\"https:\/\/www.grupoforteseg.com.br\/site\/\",\"logo\":{\"@type\":\"ImageObject\",\"inLanguage\":\"pt-BR\",\"@id\":\"https:\/\/www.grupoforteseg.com.br\/site\/#\/schema\/logo\/image\/\",\"url\":\"\",\"contentUrl\":\"\",\"caption\":\"Grupo Forteseg\"},\"image\":{\"@id\":\"https:\/\/www.grupoforteseg.com.br\/site\/#\/schema\/logo\/image\/\"}}]}<\/script>\n<!-- \/ Yoast SEO plugin. -->","yoast_head_json":{"title":"TRABALHE CONOSCO - GFS","description":"Fa\u00e7a parte de uma empresa que cresce a cada dia junto a seus colaboradores. Cursos de capacita\u00e7\u00e3o, possibilidade de bonifica\u00e7\u00e3o e promo\u00e7\u00e3o.","robots":{"index":"index","follow":"follow","max-snippet":"max-snippet:-1","max-image-preview":"max-image-preview:large","max-video-preview":"max-video-preview:-1"},"canonical":"https:\/\/www.grupoforteseg.com.br\/site\/trabalhe-conosco\/","og_locale":"pt_BR","og_type":"article","og_title":"TRABALHE CONOSCO - GFS","og_description":"Fa\u00e7a parte de uma empresa que cresce a cada dia junto a seus colaboradores. Cursos de capacita\u00e7\u00e3o, possibilidade de bonifica\u00e7\u00e3o e promo\u00e7\u00e3o.","og_url":"https:\/\/www.grupoforteseg.com.br\/site\/trabalhe-conosco\/","og_site_name":"GFS","article_modified_time":"2026-03-31T15:24:42+00:00","twitter_card":"summary_large_image","twitter_misc":{"Est. tempo de leitura":"1 minuto"},"schema":{"@context":"https:\/\/schema.org","@graph":[{"@type":"WebPage","@id":"https:\/\/www.grupoforteseg.com.br\/site\/trabalhe-conosco\/","url":"https:\/\/www.grupoforteseg.com.br\/site\/trabalhe-conosco\/","name":"TRABALHE CONOSCO - GFS","isPartOf":{"@id":"https:\/\/www.grupoforteseg.com.br\/site\/#website"},"datePublished":"2020-08-20T18:38:12+00:00","dateModified":"2026-03-31T15:24:42+00:00","description":"Fa\u00e7a parte de uma empresa que cresce a cada dia junto a seus colaboradores. Cursos de capacita\u00e7\u00e3o, possibilidade de bonifica\u00e7\u00e3o e promo\u00e7\u00e3o.","breadcrumb":{"@id":"https:\/\/www.grupoforteseg.com.br\/site\/trabalhe-conosco\/#breadcrumb"},"inLanguage":"pt-BR","potentialAction":[{"@type":"ReadAction","target":["https:\/\/www.grupoforteseg.com.br\/site\/trabalhe-conosco\/"]}]},{"@type":"BreadcrumbList","@id":"https:\/\/www.grupoforteseg.com.br\/site\/trabalhe-conosco\/#breadcrumb","itemListElement":[{"@type":"ListItem","position":1,"name":"In\u00edcio","item":"https:\/\/www.grupoforteseg.com.br\/site\/"},{"@type":"ListItem","position":2,"name":"TRABALHE CONOSCO"}]},{"@type":"WebSite","@id":"https:\/\/www.grupoforteseg.com.br\/site\/#website","url":"https:\/\/www.grupoforteseg.com.br\/site\/","name":"Grupo Forteseg","description":"Facilities e Terceiriza\u00e7\u00e3o","publisher":{"@id":"https:\/\/www.grupoforteseg.com.br\/site\/#organization"},"potentialAction":[{"@type":"SearchAction","target":{"@type":"EntryPoint","urlTemplate":"https:\/\/www.grupoforteseg.com.br\/site\/?s={search_term_string}"},"query-input":{"@type":"PropertyValueSpecification","valueRequired":true,"valueName":"search_term_string"}}],"inLanguage":"pt-BR"},{"@type":"Organization","@id":"https:\/\/www.grupoforteseg.com.br\/site\/#organization","name":"Grupo Forteseg","url":"https:\/\/www.grupoforteseg.com.br\/site\/","logo":{"@type":"ImageObject","inLanguage":"pt-BR","@id":"https:\/\/www.grupoforteseg.com.br\/site\/#\/schema\/logo\/image\/","url":"","contentUrl":"","caption":"Grupo Forteseg"},"image":{"@id":"https:\/\/www.grupoforteseg.com.br\/site\/#\/schema\/logo\/image\/"}}]}},"_links":{"self":[{"href":"https:\/\/www.grupoforteseg.com.br\/site\/wp-json\/wp\/v2\/pages\/360","targetHints":{"allow":["GET"]}}],"collection":[{"href":"https:\/\/www.grupoforteseg.com.br\/site\/wp-json\/wp\/v2\/pages"}],"about":[{"href":"https:\/\/www.grupoforteseg.com.br\/site\/wp-json\/wp\/v2\/types\/page"}],"author":[{"embeddable":true,"href":"https:\/\/www.grupoforteseg.com.br\/site\/wp-json\/wp\/v2\/users\/1"}],"replies":[{"embeddable":true,"href":"https:\/\/www.grupoforteseg.com.br\/site\/wp-json\/wp\/v2\/comments?post=360"}],"version-history":[{"count":31,"href":"https:\/\/www.grupoforteseg.com.br\/site\/wp-json\/wp\/v2\/pages\/360\/revisions"}],"predecessor-version":[{"id":1111,"href":"https:\/\/www.grupoforteseg.com.br\/site\/wp-json\/wp\/v2\/pages\/360\/revisions\/1111"}],"wp:attachment":[{"href":"https:\/\/www.grupoforteseg.com.br\/site\/wp-json\/wp\/v2\/media?parent=360"}],"curies":[{"name":"wp","href":"https:\/\/api.w.org\/{rel}","templated":true}]}}